{"id":2078,"date":"2024-11-07T16:07:10","date_gmt":"2024-11-07T21:07:10","guid":{"rendered":"https:\/\/novador.ca\/?page_id=2078"},"modified":"2026-01-21T08:45:33","modified_gmt":"2026-01-21T13:45:33","slug":"a-propos","status":"publish","type":"page","link":"https:\/\/novador.ca\/fr\/a-propos\/","title":{"rendered":"\u00c0 propos"},"content":{"rendered":"\n<div class=\"wp-block-columns alignwide has-background is-layout-flex wp-container-core-columns-is-layout-1 wp-block-columns-is-layout-flex\" style=\"background:linear-gradient(180deg,rgb(0,15,22) 0%,rgb(0,43,62) 100%);margin-top:0;margin-bottom:0;padding-top:0;padding-right:0;padding-bottom:0;padding-left:0\">\n<div class=\"wp-block-column is-layout-flow wp-container-core-column-is-layout-1 wp-block-column-is-layout-flow\" style=\"padding-top:0;padding-right:0;padding-bottom:0;padding-left:0\">\n<div class=\"brief-wrap full\">\n    <div class=\"layout-flex layout-gapless\">\n    <div class=\"layout-20 image-unique-wrap\">\n            <div class=\"image-overflow\">\n                <div class=\"image-unique offset\">\n                    <img decoding=\"async\" src=\"https:\/\/novador.ca\/wp-content\/uploads\/nature-ancestral-novador-probe-gold.jpg\" alt=\"\">\n                <\/div>\n            <\/div>\n        <\/div>\n        <div class=\"layout-40\">\n            <div class=\"brief-info\">\n                <div class=\"brief-titre\">\n                    <h2>Description sommaire<\/h2>\n                <\/div>\n                <div class=\"brief-description block-texte\">\n                    <div class=\"description\">\n                        <p>Le projet Novador se trouve \u00e0 environ 20\u00a0km \u00e0 l\u2019est de la ville de Val-d\u2019Or et \u00e0 environ 8 km au nord-ouest de la communaut\u00e9 de Lac Simon sur le territoire ancestral Anishnabe.<\/p>\n<p>La production min\u00e9rale planifi\u00e9e s\u2019effectuera principalement \u00e0 partir de fosses \u00e0 ciel ouvert. Par la suite, il est \u00e9galement pr\u00e9vu de poursuivre l\u2019extraction souterraine du minerai \u00e0 partir de rampes avec un portail am\u00e9nag\u00e9 \u00e0 la surface au pourtour des fosses et de galeries permettant d\u2019acc\u00e9der aux chantiers souterrains. Le taux d\u2019extraction serait de l\u2019ordre d&rsquo;environ 20\u00a0000 tonnes par jour de minerai avec une production moyenne de 255 000 onces d&rsquo;or par an. La dur\u00e9e de vie de la mine est pr\u00e9sentement estim\u00e9e \u00e0 environ 12,6 ans.<\/p>\n                    <\/div>\n                <\/div>\n            <\/div>\n        <\/div>\n        <div class=\"layout-40\">\n            <div class=\"image-duo-wrap layout-flex layout-gapless\">\n                <div class=\"image-unique\" id=\"duo-1\">\n                    <img decoding=\"async\" src=\"https:\/\/novador.ca\/wp-content\/uploads\/mining-project-novador-probe-gold.jpg\" alt=\"\">\n                <\/div>\n                <div class=\"image-unique\" id=\"duo-2\">\n                    <img decoding=\"async\" src=\"https:\/\/novador.ca\/wp-content\/uploads\/gold-project-novador-probe-gold.jpg\" alt=\"\">\n                <\/div>\n            <\/div>\n        <\/div>\n      \n    <\/div>\n<\/div><\/div>\n<\/div>\n\n\n\n<div class=\"wp-block-group alignwide has-black-background-color has-background has-global-padding is-layout-constrained wp-container-core-group-is-layout-1 wp-block-group-is-layout-constrained\" id=\"video\" style=\"margin-top:0;margin-bottom:0;padding-top:var(--wp--preset--spacing--70);padding-bottom:var(--wp--preset--spacing--70)\">\n<figure class=\"wp-block-video\"><video autoplay controls muted src=\"https:\/\/novador.ca\/wp-content\/uploads\/fresnillo-fr-video-introduction.mp4\" playsinline><\/video><\/figure>\n<\/div>\n\n\n\n<div class=\"wp-block-columns alignwide has-background is-layout-flex wp-container-core-columns-is-layout-2 wp-block-columns-is-layout-flex\" id=\"histoire\" style=\"background:linear-gradient(180deg,rgb(0,0,0) 0%,rgb(0,15,22) 100%);margin-top:0;margin-bottom:0;padding-top:0;padding-right:0;padding-bottom:0;padding-left:0\">\n<div class=\"wp-block-column is-layout-flow wp-block-column-is-layout-flow\">\n<div class=\"histoire-wrap full\">\n    <div class=\"layout-flex layout-gapless\">\n        <div class=\"layout-40\">\n            <div class=\"image-duo-wrap layout-flex layout-gapless\">\n                <div class=\"image-unique\" id=\"duo-1\">\n                    <img decoding=\"async\" src=\"https:\/\/novador.ca\/wp-content\/uploads\/banq-1.jpg\" alt=\"\">\n                <\/div>\n                <div class=\"image-unique\" id=\"duo-2\">\n                    <img decoding=\"async\" src=\"https:\/\/novador.ca\/wp-content\/uploads\/banq-2.jpg\" alt=\"\">\n                <\/div>\n            <\/div>\n        <\/div>\n\n       \n\n        <div class=\"layout-40\">\n            <div class=\"histoire-info\">\n                <div class=\"histoire-titre\">\n                    <h2>Une histoire riche et prolifique<\/h2>\n                <\/div>\n                <div class=\"histoire-description block-texte\">\n                    <div class=\"description\">\n                        <p>Depuis les d\u00e9buts de l\u2019exploration de nouveaux territoires et du d\u00e9veloppement de l\u2019industrie mini\u00e8re en Abitibi, les gisements d\u2019or d\u00e9couverts ont souvent \u00e9t\u00e9 productifs, comme en t\u00e9moignent la pr\u00e9sence de nombreux camps miniers et de villes grandissantes dans le secteur.<\/p>\n<p>Situ\u00e9 strat\u00e9giquement dans le camp minier de classe mondiale de Val-d\u2019Or, le projet Novador est l\u2019un des meilleurs projets non d\u00e9velopp\u00e9s de plusieurs millions d&rsquo;onces au Canada et toujours en croissance.<\/p>\n                    <\/div>\n\n                                    <\/div>\n            <\/div>\n        <\/div>\n        <div class=\"layout-20 image-unique-wrap\">\n            <div class=\"image-overflow\">\n                <div class=\"image-unique offset\">\n                    <img decoding=\"async\" src=\"https:\/\/novador.ca\/wp-content\/uploads\/banq-3.jpg\" alt=\"\">\n                <\/div>\n            <\/div>\n        <\/div>\n    <\/div>\n<\/div><\/div>\n<\/div>\n\n\n\n<div class=\"wp-block-columns alignwide has-background is-layout-flex wp-container-core-columns-is-layout-3 wp-block-columns-is-layout-flex\" style=\"background:linear-gradient(180deg,rgb(0,15,22) 0%,rgb(0,43,62) 100%);margin-top:0;margin-bottom:0;padding-top:0;padding-right:0;padding-bottom:0;padding-left:0\"><\/div>\n\n\n\n<div class=\"wp-block-columns alignwide pointes has-background-color has-text-color has-background is-layout-flex wp-container-core-columns-is-layout-4 wp-block-columns-is-layout-flex\" id=\"leadership\" style=\"background:linear-gradient(180deg,rgb(0,43,62) 0%,rgb(27,52,101) 74%);margin-top:0;margin-bottom:0;padding-top:0;padding-right:0;padding-bottom:0;padding-left:0\">\n<div class=\"wp-block-column is-layout-flow wp-block-column-is-layout-flow\" style=\"padding-top:var(--wp--preset--spacing--80);padding-bottom:var(--wp--preset--spacing--80);flex-basis:33.33%\">\n<figure class=\"wp-block-image size-large has-custom-border is-style-default\"><img loading=\"lazy\" decoding=\"async\" width=\"1024\" height=\"768\" src=\"https:\/\/novador.ca\/wp-content\/uploads\/first-nation-novador-probe-gold-1024x768.jpg\" alt=\"\" class=\"wp-image-1361\" style=\"border-style:none;border-width:0px\" srcset=\"https:\/\/novador.ca\/wp-content\/uploads\/first-nation-novador-probe-gold-1024x768.jpg 1024w, https:\/\/novador.ca\/wp-content\/uploads\/first-nation-novador-probe-gold-300x225.jpg 300w, https:\/\/novador.ca\/wp-content\/uploads\/first-nation-novador-probe-gold-768x576.jpg 768w, https:\/\/novador.ca\/wp-content\/uploads\/first-nation-novador-probe-gold.jpg 1200w\" sizes=\"auto, (max-width: 1024px) 100vw, 1024px\" \/><\/figure>\n<\/div>\n\n\n\n<div class=\"wp-block-column is-vertically-aligned-center is-layout-flow wp-block-column-is-layout-flow\" style=\"padding-top:var(--wp--preset--spacing--70);padding-right:var(--wp--preset--spacing--70);padding-bottom:var(--wp--preset--spacing--70);padding-left:var(--wp--preset--spacing--70);flex-basis:40%\">\n<div class=\"block-texte left\">\n\n    <h2 class=\"h2 block-title\">Leadership exp\u00e9riment\u00e9<\/h2>\n\n            <div class=\"description\">\n            <p class=\"p1\">En plus de maintenir des relations favorables avec les parties prenantes et de privil\u00e9gier la collaboration, notre \u00e9quipe de direction exp\u00e9riment\u00e9e compte sur un solide bilan en d\u00e9couvertes d\u2019exploration, ainsi qu\u2019en d\u00e9veloppement de projets et en production min\u00e9rale.<span class=\"Apple-converted-space\">\u00a0<\/span><\/p>\n        <\/div>\n    \n    \n<\/div>\n<\/div>\n<\/div>\n\n\n\n<div class=\"wp-block-columns alignwide is-layout-flex wp-container-core-columns-is-layout-5 wp-block-columns-is-layout-flex\" style=\"margin-top:0;margin-bottom:0\">\n<div class=\"wp-block-column bg-rock is-layout-flow wp-block-column-is-layout-flow\" style=\"padding-top:var(--wp--preset--spacing--80);padding-right:var(--wp--preset--spacing--80);padding-bottom:var(--wp--preset--spacing--80);padding-left:var(--wp--preset--spacing--80)\" id=\"propriete\">\n<div class=\"block-texte left\">\n\n    <h2 class=\"h2 block-title\">Propri\u00e9t\u00e9s mini\u00e8res strat\u00e9giques <\/h2>\n\n            <div class=\"description\">\n            <p class=\"p1\">Les propri\u00e9t\u00e9s constituant le projet <b>Novador<\/b> se trouvent \u00e0 proximit\u00e9 de Val-d\u2019Or, et elles b\u00e9n\u00e9ficient d\u2019un acc\u00e8s facile \u00e0 l\u2019\u00e9lectricit\u00e9, aux chemins de fer et aux routes. Les avantages du projet vont de la pr\u00e9sence des infrastructures mini\u00e8res de classe mondiale, de l\u2019expertise, ainsi que d\u2019une main-d\u2019\u0153uvre locale hautement qualifi\u00e9e pour des op\u00e9rations souterraines ou \u00e0 ciel ouvert.<\/p>\n<p class=\"p1\">Aucune contrainte environnementale majeure n\u2019a \u00e9t\u00e9 identifi\u00e9e lors des r\u00e9centes activit\u00e9s de mise en valeur et la localisation planifi\u00e9e des infrastructures vise \u00e0 r\u00e9duire les distances de transport et les impacts environnementaux potentiels.<\/p>\n        <\/div>\n    \n    \n<\/div>\n<\/div>\n\n\n\n<div class=\"wp-block-column light-theme bg-graphic has-background-background-color has-background has-global-padding is-layout-constrained wp-container-core-column-is-layout-6 wp-block-column-is-layout-constrained\" style=\"padding-top:var(--wp--preset--spacing--80);padding-right:var(--wp--preset--spacing--80);padding-bottom:var(--wp--preset--spacing--80);padding-left:var(--wp--preset--spacing--80)\" id=\"finances\">\n<div class=\"block-texte left\">\n\n    <h2 class=\"h2 block-title\">Soutien financier solide<\/h2>\n\n            <div class=\"description\">\n            <p class=\"p1\">Le projet minier Novador appartient \u00e0 Fresnillo plc. Pour en savoir davantage sur Fresnillo, veuillez consulter leur site web.<\/p>\n        <\/div>\n    \n            <a class=\"btn btn-couleur\" href=\"https:\/\/fresnilloplc.com\/\" target=\"_blank\" rel=\"noopener noreferrer\">Consulter le site web        <\/a>\n    \n<\/div>\n<\/div>\n<\/div>\n","protected":false},"excerpt":{"rendered":"","protected":false},"author":7,"featured_media":0,"parent":0,"menu_order":31,"comment_status":"closed","ping_status":"closed","template":"","meta":{"_acf_changed":false,"footnotes":""},"class_list":["post-2078","page","type-page","status-publish","hentry"],"acf":[],"_links":{"self":[{"href":"https:\/\/novador.ca\/fr\/wp-json\/wp\/v2\/pages\/2078","targetHints":{"allow":["GET"]}}],"collection":[{"href":"https:\/\/novador.ca\/fr\/wp-json\/wp\/v2\/pages"}],"about":[{"href":"https:\/\/novador.ca\/fr\/wp-json\/wp\/v2\/types\/page"}],"author":[{"embeddable":true,"href":"https:\/\/novador.ca\/fr\/wp-json\/wp\/v2\/users\/7"}],"replies":[{"embeddable":true,"href":"https:\/\/novador.ca\/fr\/wp-json\/wp\/v2\/comments?post=2078"}],"version-history":[{"count":16,"href":"https:\/\/novador.ca\/fr\/wp-json\/wp\/v2\/pages\/2078\/revisions"}],"predecessor-version":[{"id":2796,"href":"https:\/\/novador.ca\/fr\/wp-json\/wp\/v2\/pages\/2078\/revisions\/2796"}],"wp:attachment":[{"href":"https:\/\/novador.ca\/fr\/wp-json\/wp\/v2\/media?parent=2078"}],"curies":[{"name":"wp","href":"https:\/\/api.w.org\/{rel}","templated":true}]}}