{"id":2073,"date":"2024-12-17T10:12:49","date_gmt":"2024-12-17T15:12:49","guid":{"rendered":"https:\/\/novador.ca\/?page_id=2073"},"modified":"2026-03-05T10:03:44","modified_gmt":"2026-03-05T15:03:44","slug":"carrieres","status":"publish","type":"page","link":"https:\/\/novador.ca\/fr\/carrieres\/","title":{"rendered":"Carri\u00e8res"},"content":{"rendered":"\n<div class=\"wp-block-columns is-layout-flex wp-container-core-columns-is-layout-1 wp-block-columns-is-layout-flex\">\n<div class=\"wp-block-column is-vertically-aligned-center is-layout-flow wp-block-column-is-layout-flow\" style=\"padding-top:30px;padding-right:30px;padding-bottom:30px;padding-left:30px\">\n<h2 class=\"wp-block-heading\">Votre talent est essentiel \u00e0 notre succ\u00e8s : Rejoignez l&rsquo;aventure avec Fresnillo<\/h2>\n\n\n\n<p>Vous r\u00eavez de faire partie d\u2019une \u00e9quipe dynamique, innovante et passionn\u00e9e par l\u2019exploration aurif\u00e8re\u2009? Chez Fresnillo, nous savons que chaque membre de notre \u00e9quipe est essentiel \u00e0 notre succ\u00e8s. Nous recherchons des talents motiv\u00e9s et enthousiastes pour nous accompagner dans notre qu\u00eate d\u2019excellence\u2009!<\/p>\n\n\n\n<p>Unissons nos forces pour atteindre des sommets et r\u00e9aliser nos ambitions. Ensemble, mettons nos comp\u00e9tences et notre expertise au service d\u2019un avenir prometteur.<\/p>\n<\/div>\n\n\n\n<div class=\"wp-block-column is-vertically-aligned-center is-layout-flow wp-block-column-is-layout-flow\">\n<figure class=\"wp-block-image size-large\"><img loading=\"lazy\" decoding=\"async\" width=\"1600\" height=\"1062\" src=\"https:\/\/novador.ca\/wp-content\/uploads\/equipe-employe-novador-1600x1062.jpg\" alt=\"\" class=\"wp-image-2215\" srcset=\"https:\/\/novador.ca\/wp-content\/uploads\/equipe-employe-novador-1600x1062.jpg 1600w, https:\/\/novador.ca\/wp-content\/uploads\/equipe-employe-novador-1200x796.jpg 1200w, https:\/\/novador.ca\/wp-content\/uploads\/equipe-employe-novador-768x510.jpg 768w, https:\/\/novador.ca\/wp-content\/uploads\/equipe-employe-novador-1536x1019.jpg 1536w, https:\/\/novador.ca\/wp-content\/uploads\/equipe-employe-novador.jpg 2000w\" sizes=\"auto, (max-width: 1600px) 100vw, 1600px\" \/><\/figure>\n<\/div>\n<\/div>\n\n\n\n<div class=\"wp-block-group alignfull is-layout-flow wp-block-group-is-layout-flow\" style=\"padding-top:40px\">\n<h2 class=\"wp-block-heading has-text-align-center\">opportunit\u00e9s<\/h2>\n\n\n<ul style=\"font-style:normal;font-weight:400;\" class=\"wp-block-page-list has-medium-font-size\"><li class=\"wp-block-pages-list__item\"><a class=\"wp-block-pages-list__item__link\" href=\"https:\/\/novador.ca\/fr\/carrieres\/directeur-controle-projets\/\">Directeur en contr\u00f4le de projets<\/a><\/li><li class=\"wp-block-pages-list__item\"><a class=\"wp-block-pages-list__item__link\" href=\"https:\/\/novador.ca\/fr\/carrieres\/ingenieur-minier-senior\/\">Ing\u00e9nieur minier senior<\/a><\/li><\/ul>\n\n\n<div class=\"block-diaporama-commandites\">\n\t\t\t<div class=\"slick-diaporama-commandites\">\n\t\t\t\t\t\t\t\n<div class=\"commandite-unique\">\n\t<div class=\"titre\">\n\t\t<h4>\u00c9quipe dynamique<\/h4>\n\t<\/div>\n\t<div class=\"image\">\n\t\t\t<\/div>\n\t<div class=\"description\">\n\t\t<p>Plongez au c\u0153ur d\u2019une atmosph\u00e8re collaborative o\u00f9 chaque membre est valoris\u00e9 et encourag\u00e9 \u00e0 partager ses id\u00e9es.<\/p>\n\t<\/div>\n<\/div>\n\t\t\t\t\t\t\t\n<div class=\"commandite-unique\">\n\t<div class=\"titre\">\n\t\t<h4>Innovation<\/h4>\n\t<\/div>\n\t<div class=\"image\">\n\t\t\t<\/div>\n\t<div class=\"description\">\n\t\t<p>Participez \u00e0 des projets o\u00f9 l\u2019innovation est constamment mise de l\u2019avant.<\/p>\n\t<\/div>\n<\/div>\n\t\t\t\t\t\t\t\n<div class=\"commandite-unique\">\n\t<div class=\"titre\">\n\t\t<h4>Passion<\/h4>\n\t<\/div>\n\t<div class=\"image\">\n\t\t\t<\/div>\n\t<div class=\"description\">\n\t\t<p>Engagez-vous dans un environnement o\u00f9 votre passion sera nourrie.\u00a0<\/p>\n\t<\/div>\n<\/div>\n\t\t\t\t\t\t\t\n<div class=\"commandite-unique\">\n\t<div class=\"titre\">\n\t\t<h4>Exploration aurif\u00e8re<\/h4>\n\t<\/div>\n\t<div class=\"image\">\n\t\t\t<\/div>\n\t<div class=\"description\">\n\t\t<p>Contribuez \u00e0 des missions captivantes qui visent \u00e0 d\u00e9couvrir et \u00e0 d\u00e9velopper des propri\u00e9t\u00e9s aurif\u00e8res \u00e0 fort potentiel dans un souci de respect de l\u2019environnement et des communaut\u00e9s.\u00a0<\/p>\n\t<\/div>\n<\/div>\n\t\t\t\t\t<\/div>\n\t<\/div><\/div>\n\n\n\n<div class=\"wp-block-columns are-vertically-aligned-center is-layout-flex wp-container-core-columns-is-layout-2 wp-block-columns-is-layout-flex\">\n<div class=\"wp-block-column is-vertically-aligned-center is-layout-flow wp-block-column-is-layout-flow\">\n<figure class=\"wp-block-image size-full\"><img loading=\"lazy\" decoding=\"async\" width=\"2560\" height=\"1422\" src=\"https:\/\/novador.ca\/wp-content\/uploads\/probe-novador-40-vf00-00-23-06still017-scaled.jpg\" alt=\"\" class=\"wp-image-2227\" style=\"object-fit:cover\" srcset=\"https:\/\/novador.ca\/wp-content\/uploads\/probe-novador-40-vf00-00-23-06still017-scaled.jpg 2560w, https:\/\/novador.ca\/wp-content\/uploads\/probe-novador-40-vf00-00-23-06still017-1200x667.jpg 1200w, https:\/\/novador.ca\/wp-content\/uploads\/probe-novador-40-vf00-00-23-06still017-1600x889.jpg 1600w, https:\/\/novador.ca\/wp-content\/uploads\/probe-novador-40-vf00-00-23-06still017-768x427.jpg 768w, https:\/\/novador.ca\/wp-content\/uploads\/probe-novador-40-vf00-00-23-06still017-1536x853.jpg 1536w, https:\/\/novador.ca\/wp-content\/uploads\/probe-novador-40-vf00-00-23-06still017-2048x1138.jpg 2048w\" sizes=\"auto, (max-width: 2560px) 100vw, 2560px\" \/><\/figure>\n<\/div>\n\n\n\n<div class=\"wp-block-column is-vertically-aligned-center is-layout-flow wp-block-column-is-layout-flow\" style=\"padding-top:30px;padding-right:30px;padding-bottom:30px;padding-left:30px\">\n<h2 class=\"wp-block-heading\">Rejoignez-nous pour une mission unique<\/h2>\n\n\n\n<p>Envoyez d\u00e8s maintenant votre candidature ponctuelle et lancez-vous dans une exp\u00e9rience professionnelle enrichissante. Que vous soyez un expert du secteur ou un passionn\u00e9 souhaitant acqu\u00e9rir de nouvelles comp\u00e9tences, Fresnillo est le lieu id\u00e9al pour nourrir vos ambitions.<\/p>\n\n\n\n<p><strong>Pr\u00eat \u00e0 relever le d\u00e9fi\u2009? <\/strong><br>Postulez d\u00e8s aujourd\u2019hui et devenez acteur de notre succ\u00e8s.&nbsp;<\/p>\n<\/div>\n<\/div>\n\n\n\n<div class=\"wp-block-group alignwide boxed-wide is-layout-flow wp-container-core-group-is-layout-2 wp-block-group-is-layout-flow\" style=\"margin-top:0;margin-bottom:0;padding-top:60px;padding-bottom:60px\">\n<h2 class=\"wp-block-heading has-text-align-center\">Candidature Ponctuelle<\/h2>\n\n\n<script type=\"text\/javascript\">\n\/* <![CDATA[ *\/\nvar gform;gform||(document.addEventListener(\"gform_main_scripts_loaded\",function(){gform.scriptsLoaded=!0}),document.addEventListener(\"gform\/theme\/scripts_loaded\",function(){gform.themeScriptsLoaded=!0}),window.addEventListener(\"DOMContentLoaded\",function(){gform.domLoaded=!0}),gform={domLoaded:!1,scriptsLoaded:!1,themeScriptsLoaded:!1,isFormEditor:()=>\"function\"==typeof InitializeEditor,callIfLoaded:function(o){return!(!gform.domLoaded||!gform.scriptsLoaded||!gform.themeScriptsLoaded&&!gform.isFormEditor()||(gform.isFormEditor()&&console.warn(\"The use of gform.initializeOnLoaded() is deprecated in the form editor context and will be removed in Gravity Forms 3.1.\"),o(),0))},initializeOnLoaded:function(o){gform.callIfLoaded(o)||(document.addEventListener(\"gform_main_scripts_loaded\",()=>{gform.scriptsLoaded=!0,gform.callIfLoaded(o)}),document.addEventListener(\"gform\/theme\/scripts_loaded\",()=>{gform.themeScriptsLoaded=!0,gform.callIfLoaded(o)}),window.addEventListener(\"DOMContentLoaded\",()=>{gform.domLoaded=!0,gform.callIfLoaded(o)}))},hooks:{action:{},filter:{}},addAction:function(o,r,e,t){gform.addHook(\"action\",o,r,e,t)},addFilter:function(o,r,e,t){gform.addHook(\"filter\",o,r,e,t)},doAction:function(o){gform.doHook(\"action\",o,arguments)},applyFilters:function(o){return gform.doHook(\"filter\",o,arguments)},removeAction:function(o,r){gform.removeHook(\"action\",o,r)},removeFilter:function(o,r,e){gform.removeHook(\"filter\",o,r,e)},addHook:function(o,r,e,t,n){null==gform.hooks[o][r]&&(gform.hooks[o][r]=[]);var d=gform.hooks[o][r];null==n&&(n=r+\"_\"+d.length),gform.hooks[o][r].push({tag:n,callable:e,priority:t=null==t?10:t})},doHook:function(r,o,e){var t;if(e=Array.prototype.slice.call(e,1),null!=gform.hooks[r][o]&&((o=gform.hooks[r][o]).sort(function(o,r){return o.priority-r.priority}),o.forEach(function(o){\"function\"!=typeof(t=o.callable)&&(t=window[t]),\"action\"==r?t.apply(null,e):e[0]=t.apply(null,e)})),\"filter\"==r)return e[0]},removeHook:function(o,r,t,n){var e;null!=gform.hooks[o][r]&&(e=(e=gform.hooks[o][r]).filter(function(o,r,e){return!!(null!=n&&n!=o.tag||null!=t&&t!=o.priority)}),gform.hooks[o][r]=e)}});\n\/* ]]> *\/\n<\/script>\n\n                <div class='gf_browser_gecko gform_wrapper gravity-theme gform-theme--no-framework' data-form-theme='gravity-theme' data-form-index='0' id='gform_wrapper_5' ><div id='gf_5' class='gform_anchor' tabindex='-1'><\/div>\n                        <div class='gform_heading'>\n                            <p class='gform_description'><\/p>\n\t\t\t\t\t\t\t<p class='gform_required_legend'>\u00ab\u00a0<span class=\"gfield_required gfield_required_asterisk\">*<\/span>\u00a0\u00bb indique les champs n\u00e9cessaires<\/p>\n                        <\/div><form method='post' enctype='multipart\/form-data' target='gform_ajax_frame_5' id='gform_5'  action='\/fr\/wp-json\/wp\/v2\/pages\/2073#gf_5' data-formid='5' novalidate><div class='gf_invisible ginput_recaptchav3' data-sitekey='6Lf3Qx4kAAAAALZOONMFm8FXCBk0HVDPZHhS5FVP' data-tabindex='0'><input id=\"input_0ccb4d249aa69678abf7b34cbc036139\" class=\"gfield_recaptcha_response\" type=\"hidden\" name=\"input_0ccb4d249aa69678abf7b34cbc036139\" value=\"\"\/><\/div>\n                        <div class='gform-body gform_body'><div id='gform_fields_5' class='gform_fields top_label form_sublabel_below description_below validation_below'><div id=\"field_5_21\" class=\"gfield gfield--type-honeypot gform_validation_container field_sublabel_below gfield--has-description field_description_below field_validation_below gfield_visibility_visible\"  ><label class='gfield_label gform-field-label' for='input_5_21'>Comments<\/label><div class='ginput_container'><input name='input_21' id='input_5_21' type='text' value='' autocomplete='new-password'\/><\/div><div class='gfield_description' id='gfield_description_5_21'>Ce champ n\u2019est utilis\u00e9 qu\u2019\u00e0 des fins de validation et devrait rester inchang\u00e9.<\/div><\/div><div id=\"field_5_10\" class=\"gfield gfield--type-text gfield--input-type-text gfield--width-half gfield_contains_required field_sublabel_below gfield--no-description field_description_below hidden_label field_validation_below gfield_visibility_visible\"  ><label class='gfield_label gform-field-label' for='input_5_10'>Pr\u00e9nom<span class=\"gfield_required\"><span class=\"gfield_required gfield_required_asterisk\">*<\/span><\/span><\/label><div class='ginput_container ginput_container_text'><input name='input_10' id='input_5_10' type='text' value='' class='large'    placeholder='Pr\u00e9nom' aria-required=\"true\" aria-invalid=\"false\"   \/><\/div><\/div><div id=\"field_5_11\" class=\"gfield gfield--type-text gfield--input-type-text gfield--width-half gfield_contains_required field_sublabel_below gfield--no-description field_description_below hidden_label field_validation_below gfield_visibility_visible\"  ><label class='gfield_label gform-field-label' for='input_5_11'>Nom<span class=\"gfield_required\"><span class=\"gfield_required gfield_required_asterisk\">*<\/span><\/span><\/label><div class='ginput_container ginput_container_text'><input name='input_11' id='input_5_11' type='text' value='' class='large'    placeholder='Nom' aria-required=\"true\" aria-invalid=\"false\"   \/><\/div><\/div><div id=\"field_5_12\" class=\"gfield gfield--type-email gfield--input-type-email gfield--width-half gfield_contains_required field_sublabel_below gfield--no-description field_description_below hidden_label field_validation_below gfield_visibility_visible\"  ><label class='gfield_label gform-field-label' for='input_5_12'>Courriel<span class=\"gfield_required\"><span class=\"gfield_required gfield_required_asterisk\">*<\/span><\/span><\/label><div class='ginput_container ginput_container_email'>\n                            <input name='input_12' id='input_5_12' type='email' value='' class='large'   placeholder='Courriel' aria-required=\"true\" aria-invalid=\"false\"  \/>\n                        <\/div><\/div><div id=\"field_5_13\" class=\"gfield gfield--type-phone gfield--input-type-phone gfield--width-half gfield_contains_required field_sublabel_below gfield--no-description field_description_below hidden_label field_validation_below gfield_visibility_visible\"  ><label class='gfield_label gform-field-label' for='input_5_13'>T\u00e9l\u00e9phone<span class=\"gfield_required\"><span class=\"gfield_required gfield_required_asterisk\">*<\/span><\/span><\/label><div class='ginput_container ginput_container_phone'><input name='input_13' id='input_5_13' type='tel' value='' class='large'  placeholder='T\u00e9l\u00e9phone' aria-required=\"true\" aria-invalid=\"false\"   \/><\/div><\/div><div id=\"field_5_20\" class=\"gfield gfield--type-section gfield--input-type-section gsection field_sublabel_below gfield--no-description field_description_below field_validation_below gfield_visibility_visible\"  ><h3 class=\"gsection_title\"><\/h3><\/div><div id=\"field_5_16\" class=\"gfield gfield--type-fileupload gfield--input-type-fileupload gfield--width-half field_sublabel_below gfield--no-description field_description_below field_validation_below gfield_visibility_visible\"  ><label class='gfield_label gform-field-label' for='input_5_16'>Curriculum Vitae<\/label><div class='ginput_container ginput_container_fileupload'><input type='hidden' name='MAX_FILE_SIZE' value='5242880' \/><input name='input_16' id='input_5_16' type='file' class='large' aria-describedby=\"gfield_upload_rules_5_16\" onchange='javascript:gformValidateFileSize( this, 5242880 );'  \/><span class='gfield_description gform_fileupload_rules' id='gfield_upload_rules_5_16'>Types de fichiers accept\u00e9s\u00a0: pdf, docx, doc, Taille max. des fichiers\u00a0: 5 MB.<\/span><div class='gfield_description validation_message gfield_validation_message validation_message--hidden-on-empty' id='live_validation_message_5_16'><\/div> <\/div><\/div><div id=\"field_5_17\" class=\"gfield gfield--type-fileupload gfield--input-type-fileupload gfield--width-half field_sublabel_below gfield--no-description field_description_below field_validation_below gfield_visibility_visible\"  ><label class='gfield_label gform-field-label' for='input_5_17'>Lettre de pr\u00e9sentation<\/label><div class='ginput_container ginput_container_fileupload'><input type='hidden' name='MAX_FILE_SIZE' value='5242880' \/><input name='input_17' id='input_5_17' type='file' class='large' aria-describedby=\"gfield_upload_rules_5_17\" onchange='javascript:gformValidateFileSize( this, 5242880 );'  \/><span class='gfield_description gform_fileupload_rules' id='gfield_upload_rules_5_17'>Types de fichiers accept\u00e9s\u00a0: pdf, docx, doc, Taille max. des fichiers\u00a0: 5 MB.<\/span><div class='gfield_description validation_message gfield_validation_message validation_message--hidden-on-empty' id='live_validation_message_5_17'><\/div> <\/div><\/div><div id=\"field_5_18\" class=\"gfield gfield--type-textarea gfield--input-type-textarea field_sublabel_below gfield--no-description field_description_below field_validation_below gfield_visibility_visible\"  ><label class='gfield_label gform-field-label' for='input_5_18'>Message<\/label><div class='ginput_container ginput_container_textarea'><textarea name='input_18' id='input_5_18' class='textarea large'    placeholder='Message'  aria-invalid=\"false\"   rows='10' cols='50'><\/textarea><\/div><\/div><\/div><\/div>\n        <div class='gform-footer gform_footer top_label'> <input type='submit' id='gform_submit_button_5' class='gform_button button' onclick='gform.submission.handleButtonClick(this);' data-submission-type='submit' value='Soumettre'  \/> <input type='hidden' name='gform_ajax' value='form_id=5&amp;title=&amp;description=1&amp;tabindex=0&amp;theme=gravity-theme&amp;styles={&quot;inputPrimaryColor&quot;:&quot;#204ce5&quot;}&amp;hash=4b3d283ac9e61ac3cb2c5cbfad5578e7' \/>\n            <input type='hidden' class='gform_hidden' name='gform_submission_method' data-js='gform_submission_method_5' value='iframe' \/>\n            <input type='hidden' class='gform_hidden' name='gform_theme' data-js='gform_theme_5' id='gform_theme_5' value='gravity-theme' \/>\n            <input type='hidden' class='gform_hidden' name='gform_style_settings' data-js='gform_style_settings_5' id='gform_style_settings_5' value='{&quot;inputPrimaryColor&quot;:&quot;#204ce5&quot;}' \/>\n            <input type='hidden' class='gform_hidden' name='is_submit_5' value='1' \/>\n            <input type='hidden' class='gform_hidden' name='gform_submit' value='5' \/>\n            \n            <input type='hidden' class='gform_hidden' name='gform_currency' data-currency='CAD' value='CeB2KRFXN1jqXf2RKJowCyLGzJ1srX51ruJGi52gp2U\/2CCu3Sk4DChj1uf50JymxBAdV3gAgutBSRfeHepGTaRj\/tpbt8n9dcTkpFWry6AgKHQ=' \/>\n            <input type='hidden' class='gform_hidden' name='gform_unique_id' value='' \/>\n            <input type='hidden' class='gform_hidden' name='state_5' value='WyJbXSIsIjc5Yjk2MWJkZjRkMDkyNjk5Yzg1Y2I2MGQyODIyYzI2Il0=' \/>\n            <input type='hidden' autocomplete='off' class='gform_hidden' name='gform_target_page_number_5' id='gform_target_page_number_5' value='0' \/>\n            <input type='hidden' autocomplete='off' class='gform_hidden' name='gform_source_page_number_5' id='gform_source_page_number_5' value='1' \/>\n            <input type='hidden' name='gform_field_values' value='' \/>\n            \n        <\/div>\n                        <\/form>\n                        <\/div>\n\t\t                <iframe style='display:none;width:0px;height:0px;' src='about:blank' name='gform_ajax_frame_5' id='gform_ajax_frame_5' title='Cette iframe contient la logique n\u00e9cessaire pour manipuler Gravity Forms avec Ajax.'><\/iframe>\n\t\t                <script type=\"text\/javascript\">\n\/* <![CDATA[ *\/\n gform.initializeOnLoaded( function() {gformInitSpinner( 5, 'https:\/\/novador.ca\/wp-content\/plugins\/gravityforms\/images\/spinner.svg', true );jQuery('#gform_ajax_frame_5').on('load',function(){var contents = jQuery(this).contents().find('*').html();var is_postback = contents.indexOf('GF_AJAX_POSTBACK') >= 0;if(!is_postback){return;}var form_content = jQuery(this).contents().find('#gform_wrapper_5');var is_confirmation = jQuery(this).contents().find('#gform_confirmation_wrapper_5').length > 0;var is_redirect = contents.indexOf('gformRedirect(){') >= 0;var is_form = form_content.length > 0 && ! is_redirect && ! is_confirmation;var mt = parseInt(jQuery('html').css('margin-top'), 10) + parseInt(jQuery('body').css('margin-top'), 10) + 100;if(is_form){jQuery('#gform_wrapper_5').html(form_content.html());if(form_content.hasClass('gform_validation_error')){jQuery('#gform_wrapper_5').addClass('gform_validation_error');} else {jQuery('#gform_wrapper_5').removeClass('gform_validation_error');}setTimeout( function() { \/* delay the scroll by 50 milliseconds to fix a bug in chrome *\/ jQuery(document).scrollTop(jQuery('#gform_wrapper_5').offset().top - mt); }, 50 );if(window['gformInitDatepicker']) {gformInitDatepicker();}if(window['gformInitPriceFields']) {gformInitPriceFields();}var current_page = jQuery('#gform_source_page_number_5').val();gformInitSpinner( 5, 'https:\/\/novador.ca\/wp-content\/plugins\/gravityforms\/images\/spinner.svg', true );jQuery(document).trigger('gform_page_loaded', [5, current_page]);window['gf_submitting_5'] = false;}else if(!is_redirect){var confirmation_content = jQuery(this).contents().find('.GF_AJAX_POSTBACK').html();if(!confirmation_content){confirmation_content = contents;}jQuery('#gform_wrapper_5').replaceWith(confirmation_content);jQuery(document).scrollTop(jQuery('#gf_5').offset().top - mt);jQuery(document).trigger('gform_confirmation_loaded', [5]);window['gf_submitting_5'] = false;wp.a11y.speak(jQuery('#gform_confirmation_message_5').text());}else{jQuery('#gform_5').append(contents);if(window['gformRedirect']) {gformRedirect();}}jQuery(document).trigger(\"gform_pre_post_render\", [{ formId: \"5\", currentPage: \"current_page\", abort: function() { this.preventDefault(); } }]);        if (event && event.defaultPrevented) {                return;        }        const gformWrapperDiv = document.getElementById( \"gform_wrapper_5\" );        if ( gformWrapperDiv ) {            const visibilitySpan = document.createElement( \"span\" );            visibilitySpan.id = \"gform_visibility_test_5\";            gformWrapperDiv.insertAdjacentElement( \"afterend\", visibilitySpan );        }        const visibilityTestDiv = document.getElementById( \"gform_visibility_test_5\" );        let postRenderFired = false;        function triggerPostRender() {            if ( postRenderFired ) {                return;            }            postRenderFired = true;            gform.core.triggerPostRenderEvents( 5, current_page );            if ( visibilityTestDiv ) {                visibilityTestDiv.parentNode.removeChild( visibilityTestDiv );            }        }        function debounce( func, wait, immediate ) {            var timeout;            return function() {                var context = this, args = arguments;                var later = function() {                    timeout = null;                    if ( !immediate ) func.apply( context, args );                };                var callNow = immediate && !timeout;                clearTimeout( timeout );                timeout = setTimeout( later, wait );                if ( callNow ) func.apply( context, args );            };        }        const debouncedTriggerPostRender = debounce( function() {            triggerPostRender();        }, 200 );        if ( visibilityTestDiv && visibilityTestDiv.offsetParent === null ) {            const observer = new MutationObserver( ( mutations ) => {                mutations.forEach( ( mutation ) => {                    if ( mutation.type === 'attributes' && visibilityTestDiv.offsetParent !== null ) {                        debouncedTriggerPostRender();                        observer.disconnect();                    }                });            });            observer.observe( document.body, {                attributes: true,                childList: false,                subtree: true,                attributeFilter: [ 'style', 'class' ],            });        } else {            triggerPostRender();        }    } );} ); \n\/* ]]> *\/\n<\/script>\n<\/div>\n","protected":false},"excerpt":{"rendered":"<p>Votre talent est essentiel \u00e0 notre succ\u00e8s : Rejoignez l&rsquo;aventure avec Fresnillo Vous r\u00eavez de faire partie d\u2019une \u00e9quipe dynamique, innovante et passionn\u00e9e par l\u2019exploration aurif\u00e8re\u2009? Chez Fresnillo, nous savons que chaque membre de notre \u00e9quipe est essentiel \u00e0 notre succ\u00e8s. Nous recherchons des talents motiv\u00e9s et enthousiastes pour nous accompagner dans notre qu\u00eate d\u2019excellence\u2009! [&hellip;]<\/p>\n","protected":false},"author":7,"featured_media":0,"parent":0,"menu_order":13,"comment_status":"closed","ping_status":"closed","template":"","meta":{"_acf_changed":false,"footnotes":""},"class_list":["post-2073","page","type-page","status-publish","hentry"],"acf":[],"_links":{"self":[{"href":"https:\/\/novador.ca\/fr\/wp-json\/wp\/v2\/pages\/2073","targetHints":{"allow":["GET"]}}],"collection":[{"href":"https:\/\/novador.ca\/fr\/wp-json\/wp\/v2\/pages"}],"about":[{"href":"https:\/\/novador.ca\/fr\/wp-json\/wp\/v2\/types\/page"}],"author":[{"embeddable":true,"href":"https:\/\/novador.ca\/fr\/wp-json\/wp\/v2\/users\/7"}],"replies":[{"embeddable":true,"href":"https:\/\/novador.ca\/fr\/wp-json\/wp\/v2\/comments?post=2073"}],"version-history":[{"count":44,"href":"https:\/\/novador.ca\/fr\/wp-json\/wp\/v2\/pages\/2073\/revisions"}],"predecessor-version":[{"id":2862,"href":"https:\/\/novador.ca\/fr\/wp-json\/wp\/v2\/pages\/2073\/revisions\/2862"}],"wp:attachment":[{"href":"https:\/\/novador.ca\/fr\/wp-json\/wp\/v2\/media?parent=2073"}],"curies":[{"name":"wp","href":"https:\/\/api.w.org\/{rel}","templated":true}]}}