{"id":2071,"date":"2024-11-07T14:53:16","date_gmt":"2024-11-07T19:53:16","guid":{"rendered":"https:\/\/novador.ca\/?page_id=2071"},"modified":"2024-12-18T15:01:41","modified_gmt":"2024-12-18T20:01:41","slug":"documents","status":"publish","type":"page","link":"https:\/\/novador.ca\/fr\/documents\/","title":{"rendered":"Documents"},"content":{"rendered":"\n<div class=\"wp-block-group alignwide boxed-wide is-layout-flow wp-block-group-is-layout-flow\" style=\"padding-top:5.06rem;padding-bottom:5.06rem\">\n<div class=\"block-liste-documents facetwp-template\">\n\n\t\t\t<div class=\"liste-documents\">\n\t\t\t\t\t\n<div class=\"liste-document-unique\">\n\t<a target=\"_blank\" href=\"https:\/\/novador.ca\/wp-content\/uploads\/cim-bilan-2025-novador.pdf\">\n\t\t<div class=\"layout-flex layout-document layout-gapless flex-wrap-nowrap align-items-center\">\n\t\t\t<div class=\"layout-min layout-document-icone\">\n\t\t\t\t<div class=\"icone-type-document\"><svg xmlns=\"http:\/\/www.w3.org\/2000\/svg\"\n     viewBox=\"0 0 384 512\"><!--!Font Awesome Pro 6.6.0 by @fontawesome - https:\/\/fontawesome.com License - https:\/\/fontawesome.com\/license (Commercial License) Copyright 2024 Fonticons, Inc.-->\n    <path fill=\"currentColor\" d=\"M16 496L16 16l192 0 0 152 0 8 8 0 152 0 0 320L16 496zM224 22.6L361.4 160 224 160l0-137.4zM224 0L16 0 0 0 0 16 0 496l0 16 16 0 352 0 16 0 0-16 0-336L224 0zM104 256l-8 0 0 16 8 0 176 0 8 0 0-16-8 0-176 0zm0 64l-8 0 0 16 8 0 176 0 8 0 0-16-8 0-176 0zm0 64l-8 0 0 16 8 0 176 0 8 0 0-16-8 0-176 0z\"\/>\n<\/svg><\/div>\n\t\t\t<\/div>\n\t\t\t<div class=\"layout-max layout-document-content\">\n\t\t\t\t<div class=\"layout-flex layout-document-fields flex-wrap-nowrap align-items-center\">\n\t\t\t\t\t<div class=\"layout-max layout-document-titre\">\n\t\t\t\t\t\t<div class=\"liste-document-titre\"><h6>Bilan annuel du CIM 2025 &#8211; Comit\u00e9 d\u2019int\u00e9gration du projet dans le milieu | Mars 2026<\/h6><\/div>\n\t\t\t\t\t<\/div>\n\t\t\t\t\t<div class=\"layout-min layout-document-date\">\n\t\t\t\t\t\t<div class=\"liste-document-date\">\n\t\t\t\t\t\t\t\t\t\t\t\t\t\t\t\t\t2 mars 2026\t\t\t\t\t\t\t\t\t\t\t\t\t\t<\/div>\n\t\t\t\t\t<\/div>\n\t\t\t\t<\/div>\n\t\t\t<\/div>\n\t\t<\/div>\n\t<\/a>\n<\/div>\n\t\t\t\t\t\n<div class=\"liste-document-unique\">\n\t<a target=\"_blank\" href=\"https:\/\/novador.ca\/wp-content\/uploads\/cr-rencontre-comite-integration-novador-fev2026-approuve.pdf\">\n\t\t<div class=\"layout-flex layout-document layout-gapless flex-wrap-nowrap align-items-center\">\n\t\t\t<div class=\"layout-min layout-document-icone\">\n\t\t\t\t<div class=\"icone-type-document\"><svg xmlns=\"http:\/\/www.w3.org\/2000\/svg\"\n     viewBox=\"0 0 384 512\"><!--!Font Awesome Pro 6.6.0 by @fontawesome - https:\/\/fontawesome.com License - https:\/\/fontawesome.com\/license (Commercial License) Copyright 2024 Fonticons, Inc.-->\n    <path fill=\"currentColor\" d=\"M16 496L16 16l192 0 0 152 0 8 8 0 152 0 0 320L16 496zM224 22.6L361.4 160 224 160l0-137.4zM224 0L16 0 0 0 0 16 0 496l0 16 16 0 352 0 16 0 0-16 0-336L224 0zM104 256l-8 0 0 16 8 0 176 0 8 0 0-16-8 0-176 0zm0 64l-8 0 0 16 8 0 176 0 8 0 0-16-8 0-176 0zm0 64l-8 0 0 16 8 0 176 0 8 0 0-16-8 0-176 0z\"\/>\n<\/svg><\/div>\n\t\t\t<\/div>\n\t\t\t<div class=\"layout-max layout-document-content\">\n\t\t\t\t<div class=\"layout-flex layout-document-fields flex-wrap-nowrap align-items-center\">\n\t\t\t\t\t<div class=\"layout-max layout-document-titre\">\n\t\t\t\t\t\t<div class=\"liste-document-titre\"><h6>Compte rendu &#8211; Comit\u00e9 d\u2019int\u00e9gration du projet dans le milieu | F\u00e9vrier 2026<\/h6><\/div>\n\t\t\t\t\t<\/div>\n\t\t\t\t\t<div class=\"layout-min layout-document-date\">\n\t\t\t\t\t\t<div class=\"liste-document-date\">\n\t\t\t\t\t\t\t\t\t\t\t\t\t\t\t\t\t25 f\u00e9vrier 2026\t\t\t\t\t\t\t\t\t\t\t\t\t\t<\/div>\n\t\t\t\t\t<\/div>\n\t\t\t\t<\/div>\n\t\t\t<\/div>\n\t\t<\/div>\n\t<\/a>\n<\/div>\n\t\t\t\t\t\n<div class=\"liste-document-unique\">\n\t<a target=\"_blank\" href=\"https:\/\/novador.ca\/wp-content\/uploads\/cr-rencontre-comite-integration-novador-nov2025-approuve.pdf\">\n\t\t<div class=\"layout-flex layout-document layout-gapless flex-wrap-nowrap align-items-center\">\n\t\t\t<div class=\"layout-min layout-document-icone\">\n\t\t\t\t<div class=\"icone-type-document\"><svg xmlns=\"http:\/\/www.w3.org\/2000\/svg\"\n     viewBox=\"0 0 384 512\"><!--!Font Awesome Pro 6.6.0 by @fontawesome - https:\/\/fontawesome.com License - https:\/\/fontawesome.com\/license (Commercial License) Copyright 2024 Fonticons, Inc.-->\n    <path fill=\"currentColor\" d=\"M16 496L16 16l192 0 0 152 0 8 8 0 152 0 0 320L16 496zM224 22.6L361.4 160 224 160l0-137.4zM224 0L16 0 0 0 0 16 0 496l0 16 16 0 352 0 16 0 0-16 0-336L224 0zM104 256l-8 0 0 16 8 0 176 0 8 0 0-16-8 0-176 0zm0 64l-8 0 0 16 8 0 176 0 8 0 0-16-8 0-176 0zm0 64l-8 0 0 16 8 0 176 0 8 0 0-16-8 0-176 0z\"\/>\n<\/svg><\/div>\n\t\t\t<\/div>\n\t\t\t<div class=\"layout-max layout-document-content\">\n\t\t\t\t<div class=\"layout-flex layout-document-fields flex-wrap-nowrap align-items-center\">\n\t\t\t\t\t<div class=\"layout-max layout-document-titre\">\n\t\t\t\t\t\t<div class=\"liste-document-titre\"><h6>Compte rendu &#8211; Comit\u00e9 d\u2019int\u00e9gration dans le milieu | Novembre 2025<\/h6><\/div>\n\t\t\t\t\t<\/div>\n\t\t\t\t\t<div class=\"layout-min layout-document-date\">\n\t\t\t\t\t\t<div class=\"liste-document-date\">\n\t\t\t\t\t\t\t\t\t\t\t\t\t\t\t\t\t12 novembre 2025\t\t\t\t\t\t\t\t\t\t\t\t\t\t<\/div>\n\t\t\t\t\t<\/div>\n\t\t\t\t<\/div>\n\t\t\t<\/div>\n\t\t<\/div>\n\t<\/a>\n<\/div>\n\t\t\t\t\t\n<div class=\"liste-document-unique\">\n\t<a target=\"_blank\" href=\"https:\/\/novador.ca\/wp-content\/uploads\/cr-rencontre-comite-integration-novador-mai2025-approuve.pdf\">\n\t\t<div class=\"layout-flex layout-document layout-gapless flex-wrap-nowrap align-items-center\">\n\t\t\t<div class=\"layout-min layout-document-icone\">\n\t\t\t\t<div class=\"icone-type-document\"><svg xmlns=\"http:\/\/www.w3.org\/2000\/svg\"\n     viewBox=\"0 0 384 512\"><!--!Font Awesome Pro 6.6.0 by @fontawesome - https:\/\/fontawesome.com License - https:\/\/fontawesome.com\/license (Commercial License) Copyright 2024 Fonticons, Inc.-->\n    <path fill=\"currentColor\" d=\"M16 496L16 16l192 0 0 152 0 8 8 0 152 0 0 320L16 496zM224 22.6L361.4 160 224 160l0-137.4zM224 0L16 0 0 0 0 16 0 496l0 16 16 0 352 0 16 0 0-16 0-336L224 0zM104 256l-8 0 0 16 8 0 176 0 8 0 0-16-8 0-176 0zm0 64l-8 0 0 16 8 0 176 0 8 0 0-16-8 0-176 0zm0 64l-8 0 0 16 8 0 176 0 8 0 0-16-8 0-176 0z\"\/>\n<\/svg><\/div>\n\t\t\t<\/div>\n\t\t\t<div class=\"layout-max layout-document-content\">\n\t\t\t\t<div class=\"layout-flex layout-document-fields flex-wrap-nowrap align-items-center\">\n\t\t\t\t\t<div class=\"layout-max layout-document-titre\">\n\t\t\t\t\t\t<div class=\"liste-document-titre\"><h6>Compte rendu &#8211; Comit\u00e9 d&rsquo;int\u00e9gration dans le milieu | Mai 2025<\/h6><\/div>\n\t\t\t\t\t<\/div>\n\t\t\t\t\t<div class=\"layout-min layout-document-date\">\n\t\t\t\t\t\t<div class=\"liste-document-date\">\n\t\t\t\t\t\t\t\t\t\t\t\t\t\t\t\t\t1 mai 2025\t\t\t\t\t\t\t\t\t\t\t\t\t\t<\/div>\n\t\t\t\t\t<\/div>\n\t\t\t\t<\/div>\n\t\t\t<\/div>\n\t\t<\/div>\n\t<\/a>\n<\/div>\n\t\t\t\t\t\n<div class=\"liste-document-unique\">\n\t<a target=\"_blank\" href=\"https:\/\/novador.ca\/wp-content\/uploads\/cr-rencontre-comite-integration-novador-fev2025.pdf\">\n\t\t<div class=\"layout-flex layout-document layout-gapless flex-wrap-nowrap align-items-center\">\n\t\t\t<div class=\"layout-min layout-document-icone\">\n\t\t\t\t<div class=\"icone-type-document\"><svg xmlns=\"http:\/\/www.w3.org\/2000\/svg\"\n     viewBox=\"0 0 384 512\"><!--!Font Awesome Pro 6.6.0 by @fontawesome - https:\/\/fontawesome.com License - https:\/\/fontawesome.com\/license (Commercial License) Copyright 2024 Fonticons, Inc.-->\n    <path fill=\"currentColor\" d=\"M16 496L16 16l192 0 0 152 0 8 8 0 152 0 0 320L16 496zM224 22.6L361.4 160 224 160l0-137.4zM224 0L16 0 0 0 0 16 0 496l0 16 16 0 352 0 16 0 0-16 0-336L224 0zM104 256l-8 0 0 16 8 0 176 0 8 0 0-16-8 0-176 0zm0 64l-8 0 0 16 8 0 176 0 8 0 0-16-8 0-176 0zm0 64l-8 0 0 16 8 0 176 0 8 0 0-16-8 0-176 0z\"\/>\n<\/svg><\/div>\n\t\t\t<\/div>\n\t\t\t<div class=\"layout-max layout-document-content\">\n\t\t\t\t<div class=\"layout-flex layout-document-fields flex-wrap-nowrap align-items-center\">\n\t\t\t\t\t<div class=\"layout-max layout-document-titre\">\n\t\t\t\t\t\t<div class=\"liste-document-titre\"><h6>Compte rendu &#8211; Comit\u00e9 d&rsquo;int\u00e9gration dans le milieu | F\u00e9vrier 2025<\/h6><\/div>\n\t\t\t\t\t<\/div>\n\t\t\t\t\t<div class=\"layout-min layout-document-date\">\n\t\t\t\t\t\t<div class=\"liste-document-date\">\n\t\t\t\t\t\t\t\t\t\t\t\t\t\t\t\t\t6 f\u00e9vrier 2025\t\t\t\t\t\t\t\t\t\t\t\t\t\t<\/div>\n\t\t\t\t\t<\/div>\n\t\t\t\t<\/div>\n\t\t\t<\/div>\n\t\t<\/div>\n\t<\/a>\n<\/div>\n\t\t\t\t\t\n<div class=\"liste-document-unique\">\n\t<a target=\"_blank\" href=\"https:\/\/novador.ca\/wp-content\/uploads\/directives-relaisation-etude-impacts.pdf\">\n\t\t<div class=\"layout-flex layout-document layout-gapless flex-wrap-nowrap align-items-center\">\n\t\t\t<div class=\"layout-min layout-document-icone\">\n\t\t\t\t<div class=\"icone-type-document\"><svg xmlns=\"http:\/\/www.w3.org\/2000\/svg\"\n     viewBox=\"0 0 384 512\"><!--!Font Awesome Pro 6.6.0 by @fontawesome - https:\/\/fontawesome.com License - https:\/\/fontawesome.com\/license (Commercial License) Copyright 2024 Fonticons, Inc.-->\n    <path fill=\"currentColor\" d=\"M16 496L16 16l192 0 0 152 0 8 8 0 152 0 0 320L16 496zM224 22.6L361.4 160 224 160l0-137.4zM224 0L16 0 0 0 0 16 0 496l0 16 16 0 352 0 16 0 0-16 0-336L224 0zM104 256l-8 0 0 16 8 0 176 0 8 0 0-16-8 0-176 0zm0 64l-8 0 0 16 8 0 176 0 8 0 0-16-8 0-176 0zm0 64l-8 0 0 16 8 0 176 0 8 0 0-16-8 0-176 0z\"\/>\n<\/svg><\/div>\n\t\t\t<\/div>\n\t\t\t<div class=\"layout-max layout-document-content\">\n\t\t\t\t<div class=\"layout-flex layout-document-fields flex-wrap-nowrap align-items-center\">\n\t\t\t\t\t<div class=\"layout-max layout-document-titre\">\n\t\t\t\t\t\t<div class=\"liste-document-titre\"><h6>Directive pour la r\u00e9alisation d\u2019une \u00e9tude d\u2019impacts sur l\u2019environnement<\/h6><\/div>\n\t\t\t\t\t<\/div>\n\t\t\t\t\t<div class=\"layout-min layout-document-date\">\n\t\t\t\t\t\t<div class=\"liste-document-date\">\n\t\t\t\t\t\t\t\t\t\t\t\t\t\t\t\t\t27 ao\u00fbt 2024\t\t\t\t\t\t\t\t\t\t\t\t\t\t<\/div>\n\t\t\t\t\t<\/div>\n\t\t\t\t<\/div>\n\t\t\t<\/div>\n\t\t<\/div>\n\t<\/a>\n<\/div>\n\t\t\t\t\t\n<div class=\"liste-document-unique\">\n\t<a target=\"_blank\" href=\"https:\/\/novador.ca\/wp-content\/uploads\/lignes-directrices-etude-impact.pdf\">\n\t\t<div class=\"layout-flex layout-document layout-gapless flex-wrap-nowrap align-items-center\">\n\t\t\t<div class=\"layout-min layout-document-icone\">\n\t\t\t\t<div class=\"icone-type-document\"><svg xmlns=\"http:\/\/www.w3.org\/2000\/svg\"\n     viewBox=\"0 0 384 512\"><!--!Font Awesome Pro 6.6.0 by @fontawesome - https:\/\/fontawesome.com License - https:\/\/fontawesome.com\/license (Commercial License) Copyright 2024 Fonticons, Inc.-->\n    <path fill=\"currentColor\" d=\"M16 496L16 16l192 0 0 152 0 8 8 0 152 0 0 320L16 496zM224 22.6L361.4 160 224 160l0-137.4zM224 0L16 0 0 0 0 16 0 496l0 16 16 0 352 0 16 0 0-16 0-336L224 0zM104 256l-8 0 0 16 8 0 176 0 8 0 0-16-8 0-176 0zm0 64l-8 0 0 16 8 0 176 0 8 0 0-16-8 0-176 0zm0 64l-8 0 0 16 8 0 176 0 8 0 0-16-8 0-176 0z\"\/>\n<\/svg><\/div>\n\t\t\t<\/div>\n\t\t\t<div class=\"layout-max layout-document-content\">\n\t\t\t\t<div class=\"layout-flex layout-document-fields flex-wrap-nowrap align-items-center\">\n\t\t\t\t\t<div class=\"layout-max layout-document-titre\">\n\t\t\t\t\t\t<div class=\"liste-document-titre\"><h6>Lignes directrices individualis\u00e9es relatives \u00e0 l\u2019\u00e9tude d\u2019impact<\/h6><\/div>\n\t\t\t\t\t<\/div>\n\t\t\t\t\t<div class=\"layout-min layout-document-date\">\n\t\t\t\t\t\t<div class=\"liste-document-date\">\n\t\t\t\t\t\t\t\t\t\t\t\t\t\t\t\t\t13 ao\u00fbt 2024\t\t\t\t\t\t\t\t\t\t\t\t\t\t<\/div>\n\t\t\t\t\t<\/div>\n\t\t\t\t<\/div>\n\t\t\t<\/div>\n\t\t<\/div>\n\t<\/a>\n<\/div>\n\t\t\t\t\t\n<div class=\"liste-document-unique\">\n\t<a target=\"_blank\" href=\"https:\/\/novador.ca\/wp-content\/uploads\/avis-de-projet.pdf\">\n\t\t<div class=\"layout-flex layout-document layout-gapless flex-wrap-nowrap align-items-center\">\n\t\t\t<div class=\"layout-min layout-document-icone\">\n\t\t\t\t<div class=\"icone-type-document\"><svg xmlns=\"http:\/\/www.w3.org\/2000\/svg\"\n     viewBox=\"0 0 384 512\"><!--!Font Awesome Pro 6.6.0 by @fontawesome - https:\/\/fontawesome.com License - https:\/\/fontawesome.com\/license (Commercial License) Copyright 2024 Fonticons, Inc.-->\n    <path fill=\"currentColor\" d=\"M16 496L16 16l192 0 0 152 0 8 8 0 152 0 0 320L16 496zM224 22.6L361.4 160 224 160l0-137.4zM224 0L16 0 0 0 0 16 0 496l0 16 16 0 352 0 16 0 0-16 0-336L224 0zM104 256l-8 0 0 16 8 0 176 0 8 0 0-16-8 0-176 0zm0 64l-8 0 0 16 8 0 176 0 8 0 0-16-8 0-176 0zm0 64l-8 0 0 16 8 0 176 0 8 0 0-16-8 0-176 0z\"\/>\n<\/svg><\/div>\n\t\t\t<\/div>\n\t\t\t<div class=\"layout-max layout-document-content\">\n\t\t\t\t<div class=\"layout-flex layout-document-fields flex-wrap-nowrap align-items-center\">\n\t\t\t\t\t<div class=\"layout-max layout-document-titre\">\n\t\t\t\t\t\t<div class=\"liste-document-titre\"><h6>Avis de projet<\/h6><\/div>\n\t\t\t\t\t<\/div>\n\t\t\t\t\t<div class=\"layout-min layout-document-date\">\n\t\t\t\t\t\t<div class=\"liste-document-date\">\n\t\t\t\t\t\t\t\t\t\t\t\t\t\t\t\t\t1 juillet 2024\t\t\t\t\t\t\t\t\t\t\t\t\t\t<\/div>\n\t\t\t\t\t<\/div>\n\t\t\t\t<\/div>\n\t\t\t<\/div>\n\t\t<\/div>\n\t<\/a>\n<\/div>\n\t\t\t\t\t\n<div class=\"liste-document-unique\">\n\t<a target=\"_blank\" href=\"https:\/\/novador.ca\/wp-content\/uploads\/resume-description-detaillee-de-projet-projet-minier-novador.pdf\">\n\t\t<div class=\"layout-flex layout-document layout-gapless flex-wrap-nowrap align-items-center\">\n\t\t\t<div class=\"layout-min layout-document-icone\">\n\t\t\t\t<div class=\"icone-type-document\"><svg xmlns=\"http:\/\/www.w3.org\/2000\/svg\"\n     viewBox=\"0 0 384 512\"><!--!Font Awesome Pro 6.6.0 by @fontawesome - https:\/\/fontawesome.com License - https:\/\/fontawesome.com\/license (Commercial License) Copyright 2024 Fonticons, Inc.-->\n    <path fill=\"currentColor\" d=\"M16 496L16 16l192 0 0 152 0 8 8 0 152 0 0 320L16 496zM224 22.6L361.4 160 224 160l0-137.4zM224 0L16 0 0 0 0 16 0 496l0 16 16 0 352 0 16 0 0-16 0-336L224 0zM104 256l-8 0 0 16 8 0 176 0 8 0 0-16-8 0-176 0zm0 64l-8 0 0 16 8 0 176 0 8 0 0-16-8 0-176 0zm0 64l-8 0 0 16 8 0 176 0 8 0 0-16-8 0-176 0z\"\/>\n<\/svg><\/div>\n\t\t\t<\/div>\n\t\t\t<div class=\"layout-max layout-document-content\">\n\t\t\t\t<div class=\"layout-flex layout-document-fields flex-wrap-nowrap align-items-center\">\n\t\t\t\t\t<div class=\"layout-max layout-document-titre\">\n\t\t\t\t\t\t<div class=\"liste-document-titre\"><h6>R\u00e9sum\u00e9 &#8211; Description d\u00e9taill\u00e9e de projet<\/h6><\/div>\n\t\t\t\t\t<\/div>\n\t\t\t\t\t<div class=\"layout-min layout-document-date\">\n\t\t\t\t\t\t<div class=\"liste-document-date\">\n\t\t\t\t\t\t\t\t\t\t\t\t\t\t\t\t\t1 avril 2024\t\t\t\t\t\t\t\t\t\t\t\t\t\t<\/div>\n\t\t\t\t\t<\/div>\n\t\t\t\t<\/div>\n\t\t\t<\/div>\n\t\t<\/div>\n\t<\/a>\n<\/div>\n\t\t\t\t\t\n<div class=\"liste-document-unique\">\n\t<a target=\"_blank\" href=\"https:\/\/novador.ca\/wp-content\/uploads\/projet-minier-novador-description-detaillee-de-projet.pdf\">\n\t\t<div class=\"layout-flex layout-document layout-gapless flex-wrap-nowrap align-items-center\">\n\t\t\t<div class=\"layout-min layout-document-icone\">\n\t\t\t\t<div class=\"icone-type-document\"><svg xmlns=\"http:\/\/www.w3.org\/2000\/svg\"\n     viewBox=\"0 0 384 512\"><!--!Font Awesome Pro 6.6.0 by @fontawesome - https:\/\/fontawesome.com License - https:\/\/fontawesome.com\/license (Commercial License) Copyright 2024 Fonticons, Inc.-->\n    <path fill=\"currentColor\" d=\"M16 496L16 16l192 0 0 152 0 8 8 0 152 0 0 320L16 496zM224 22.6L361.4 160 224 160l0-137.4zM224 0L16 0 0 0 0 16 0 496l0 16 16 0 352 0 16 0 0-16 0-336L224 0zM104 256l-8 0 0 16 8 0 176 0 8 0 0-16-8 0-176 0zm0 64l-8 0 0 16 8 0 176 0 8 0 0-16-8 0-176 0zm0 64l-8 0 0 16 8 0 176 0 8 0 0-16-8 0-176 0z\"\/>\n<\/svg><\/div>\n\t\t\t<\/div>\n\t\t\t<div class=\"layout-max layout-document-content\">\n\t\t\t\t<div class=\"layout-flex layout-document-fields flex-wrap-nowrap align-items-center\">\n\t\t\t\t\t<div class=\"layout-max layout-document-titre\">\n\t\t\t\t\t\t<div class=\"liste-document-titre\"><h6>Description d\u00e9taill\u00e9e de projet<\/h6><\/div>\n\t\t\t\t\t<\/div>\n\t\t\t\t\t<div class=\"layout-min layout-document-date\">\n\t\t\t\t\t\t<div class=\"liste-document-date\">\n\t\t\t\t\t\t\t\t\t\t\t\t\t\t\t\t\t1 avril 2024\t\t\t\t\t\t\t\t\t\t\t\t\t\t<\/div>\n\t\t\t\t\t<\/div>\n\t\t\t\t<\/div>\n\t\t\t<\/div>\n\t\t<\/div>\n\t<\/a>\n<\/div>\n\t\t\t\t\t\n<div class=\"liste-document-unique\">\n\t<a target=\"_blank\" href=\"https:\/\/novador.ca\/wp-content\/uploads\/dip-resume-octobre-2023-rev1.pdf\">\n\t\t<div class=\"layout-flex layout-document layout-gapless flex-wrap-nowrap align-items-center\">\n\t\t\t<div class=\"layout-min layout-document-icone\">\n\t\t\t\t<div class=\"icone-type-document\"><svg xmlns=\"http:\/\/www.w3.org\/2000\/svg\"\n     viewBox=\"0 0 384 512\"><!--!Font Awesome Pro 6.6.0 by @fontawesome - https:\/\/fontawesome.com License - https:\/\/fontawesome.com\/license (Commercial License) Copyright 2024 Fonticons, Inc.-->\n    <path fill=\"currentColor\" d=\"M16 496L16 16l192 0 0 152 0 8 8 0 152 0 0 320L16 496zM224 22.6L361.4 160 224 160l0-137.4zM224 0L16 0 0 0 0 16 0 496l0 16 16 0 352 0 16 0 0-16 0-336L224 0zM104 256l-8 0 0 16 8 0 176 0 8 0 0-16-8 0-176 0zm0 64l-8 0 0 16 8 0 176 0 8 0 0-16-8 0-176 0zm0 64l-8 0 0 16 8 0 176 0 8 0 0-16-8 0-176 0z\"\/>\n<\/svg><\/div>\n\t\t\t<\/div>\n\t\t\t<div class=\"layout-max layout-document-content\">\n\t\t\t\t<div class=\"layout-flex layout-document-fields flex-wrap-nowrap align-items-center\">\n\t\t\t\t\t<div class=\"layout-max layout-document-titre\">\n\t\t\t\t\t\t<div class=\"liste-document-titre\"><h6>Description initiale de projet &#8211; R\u00e9sum\u00e9<\/h6><\/div>\n\t\t\t\t\t<\/div>\n\t\t\t\t\t<div class=\"layout-min layout-document-date\">\n\t\t\t\t\t\t<div class=\"liste-document-date\">\n\t\t\t\t\t\t\t\t\t\t\t\t\t\t\t\t\t1 octobre 2023\t\t\t\t\t\t\t\t\t\t\t\t\t\t<\/div>\n\t\t\t\t\t<\/div>\n\t\t\t\t<\/div>\n\t\t\t<\/div>\n\t\t<\/div>\n\t<\/a>\n<\/div>\n\t\t\t\t\t\n<div class=\"liste-document-unique\">\n\t<a target=\"_blank\" href=\"https:\/\/novador.ca\/wp-content\/uploads\/description-initiale-projet-octobre-2023-1.pdf\">\n\t\t<div class=\"layout-flex layout-document layout-gapless flex-wrap-nowrap align-items-center\">\n\t\t\t<div class=\"layout-min layout-document-icone\">\n\t\t\t\t<div class=\"icone-type-document\"><svg xmlns=\"http:\/\/www.w3.org\/2000\/svg\"\n     viewBox=\"0 0 384 512\"><!--!Font Awesome Pro 6.6.0 by @fontawesome - https:\/\/fontawesome.com License - https:\/\/fontawesome.com\/license (Commercial License) Copyright 2024 Fonticons, Inc.-->\n    <path fill=\"currentColor\" d=\"M16 496L16 16l192 0 0 152 0 8 8 0 152 0 0 320L16 496zM224 22.6L361.4 160 224 160l0-137.4zM224 0L16 0 0 0 0 16 0 496l0 16 16 0 352 0 16 0 0-16 0-336L224 0zM104 256l-8 0 0 16 8 0 176 0 8 0 0-16-8 0-176 0zm0 64l-8 0 0 16 8 0 176 0 8 0 0-16-8 0-176 0zm0 64l-8 0 0 16 8 0 176 0 8 0 0-16-8 0-176 0z\"\/>\n<\/svg><\/div>\n\t\t\t<\/div>\n\t\t\t<div class=\"layout-max layout-document-content\">\n\t\t\t\t<div class=\"layout-flex layout-document-fields flex-wrap-nowrap align-items-center\">\n\t\t\t\t\t<div class=\"layout-max layout-document-titre\">\n\t\t\t\t\t\t<div class=\"liste-document-titre\"><h6>Description initiale du projet<\/h6><\/div>\n\t\t\t\t\t<\/div>\n\t\t\t\t\t<div class=\"layout-min layout-document-date\">\n\t\t\t\t\t\t<div class=\"liste-document-date\">\n\t\t\t\t\t\t\t\t\t\t\t\t\t\t\t\t\t1 octobre 2023\t\t\t\t\t\t\t\t\t\t\t\t\t\t<\/div>\n\t\t\t\t\t<\/div>\n\t\t\t\t<\/div>\n\t\t\t<\/div>\n\t\t<\/div>\n\t<\/a>\n<\/div>\n\t\t\t\t<\/div>\n\t<\/div>\n<div class=\"centre\">\n\t<div class=\"facetwp-facet facetwp-facet-load_more facetwp-type-pager\" data-name=\"load_more\" data-type=\"pager\"><\/div><\/div><\/div>\n","protected":false},"excerpt":{"rendered":"","protected":false},"author":7,"featured_media":0,"parent":0,"menu_order":36,"comment_status":"closed","ping_status":"closed","template":"","meta":{"_acf_changed":false,"footnotes":""},"class_list":["post-2071","page","type-page","status-publish","hentry"],"acf":[],"_links":{"self":[{"href":"https:\/\/novador.ca\/fr\/wp-json\/wp\/v2\/pages\/2071","targetHints":{"allow":["GET"]}}],"collection":[{"href":"https:\/\/novador.ca\/fr\/wp-json\/wp\/v2\/pages"}],"about":[{"href":"https:\/\/novador.ca\/fr\/wp-json\/wp\/v2\/types\/page"}],"author":[{"embeddable":true,"href":"https:\/\/novador.ca\/fr\/wp-json\/wp\/v2\/users\/7"}],"replies":[{"embeddable":true,"href":"https:\/\/novador.ca\/fr\/wp-json\/wp\/v2\/comments?post=2071"}],"version-history":[{"count":4,"href":"https:\/\/novador.ca\/fr\/wp-json\/wp\/v2\/pages\/2071\/revisions"}],"predecessor-version":[{"id":2414,"href":"https:\/\/novador.ca\/fr\/wp-json\/wp\/v2\/pages\/2071\/revisions\/2414"}],"wp:attachment":[{"href":"https:\/\/novador.ca\/fr\/wp-json\/wp\/v2\/media?parent=2071"}],"curies":[{"name":"wp","href":"https:\/\/api.w.org\/{rel}","templated":true}]}}