{"id":2069,"date":"2024-11-07T13:30:09","date_gmt":"2024-11-07T18:30:09","guid":{"rendered":"https:\/\/novador.ca\/?page_id=2069"},"modified":"2026-01-21T08:48:41","modified_gmt":"2026-01-21T13:48:41","slug":"nouvelles","status":"publish","type":"page","link":"https:\/\/novador.ca\/fr\/nouvelles\/","title":{"rendered":"Nouvelles"},"content":{"rendered":"\n<div class=\"wp-block-columns is-layout-flex wp-container-core-columns-is-layout-1 wp-block-columns-is-layout-flex\">\n<div class=\"wp-block-column is-vertically-aligned-center is-layout-flow wp-block-column-is-layout-flow\" style=\"padding-top:var(--wp--preset--spacing--80);padding-right:var(--wp--preset--spacing--50);padding-bottom:var(--wp--preset--spacing--80);padding-left:var(--wp--preset--spacing--80)\">\n<h2 class=\"wp-block-heading\">Pr\u00e9sence dans le milieu<\/h2>\n\n\n\n<p>Vous trouverez les derni\u00e8res actualit\u00e9s en lien avec le projet Novador, ainsi que Fresnillo. Activit\u00e9s et engagements dans le milieu, rapports, communiqu\u00e9s de presse et plus encore.<\/p>\n<\/div>\n\n\n\n<div class=\"wp-block-column is-layout-flow wp-block-column-is-layout-flow\">\n<figure class=\"wp-block-image size-full\"><img loading=\"lazy\" decoding=\"async\" width=\"1323\" height=\"687\" src=\"https:\/\/novador.ca\/wp-content\/uploads\/analyse-echantillon-novador-probe-gold.webp\" alt=\"\" class=\"wp-image-2183\" srcset=\"https:\/\/novador.ca\/wp-content\/uploads\/analyse-echantillon-novador-probe-gold.webp 1323w, https:\/\/novador.ca\/wp-content\/uploads\/analyse-echantillon-novador-probe-gold-1200x623.webp 1200w, https:\/\/novador.ca\/wp-content\/uploads\/analyse-echantillon-novador-probe-gold-768x399.webp 768w\" sizes=\"auto, (max-width: 1323px) 100vw, 1323px\" \/><\/figure>\n<\/div>\n<\/div>\n\n\n\n<div class=\"wp-block-group is-layout-flow wp-block-group-is-layout-flow\" style=\"padding-top:var(--wp--preset--spacing--80);padding-bottom:var(--wp--preset--spacing--80)\">\n<div class=\"block-liste-nouvelles facetwp-template dark-theme\">\n\t<div class=\"boxed-wide\">\n\t\t\t\t\t<div class=\"liste-nouvelles layout-flex flex-wrap\">\n\t\t\t\t\t\t\t\t\t<div class=\"layout-33\">\n\t\t\t\t\t\t\t\n\t<a href=\"https:\/\/novador.ca\/wp-content\/uploads\/20250114-probegold-release-novador-committee-final-fr-docx.pdf\" target=\"_blank\">\n\t\t<div class=\"news-single\">\n\t\t\t<div class=\"news-date\">\n\n\t\t\t\t\t\t\t\t\t16 janvier 2025\t\t\t\t\n\t\t\t<\/div>\n\t\t\t<div class=\"news-source\">\n\t\t\t\tSource : Probe Gold\t\t\t\t<span class=\"icone-lien-externe\"><?xml version=\"1.0\" encoding=\"UTF-8\"?>\n<svg xmlns=\"http:\/\/www.w3.org\/2000\/svg\" version=\"1.1\" viewBox=\"0 0 512 512\">\n  <defs>\n    <style>\n      .cls-1 {\n        fill: #fff;\n      }\n    <\/style>\n  <\/defs>\n  <!-- Generator: Adobe Illustrator 28.7.1, SVG Export Plug-In . SVG Version: 1.2.0 Build 142)  -->\n  <g>\n    <g id=\"Calque_1\">\n      <path class=\"cls-1\" d=\"M256,480c123.7,0,224-100.3,224-224S379.7,32,256,32,32,132.3,32,256s100.3,224,224,224ZM256,0c141.4,0,256,114.6,256,256s-114.6,256-256,256S0,397.4,0,256,114.6,0,256,0ZM200,160h136c8.8,0,16,7.2,16,16v144c0,8.8-7.2,16-16,16s-16-7.2-16-16v-105.4l-132.7,132.7c-6.2,6.2-16.4,6.2-22.6,0s-6.2-16.4,0-22.6l132.7-132.7h-97.4c-8.8,0-16-7.2-16-16s7.2-16,16-16Z\"\/>\n    <\/g>\n  <\/g>\n<\/svg><\/span>\n\t\t\t<\/div>\n\t\t\t<div class=\"news-categories\">\n\t\t\t\t<span class=\"categorie\" >Nouvelle<\/span><\/li>\t\t\t<\/div>\n\t\t\t<div class=\"news-title\">\n\t\t\t\t<h3>Probe Gold met en place le Comit\u00e9 d\u2019int\u00e9gration du projet dans le milieu<\/h3>\n\t\t\t<\/div>\n\t\t\t<div class=\"news-btn btn-fleche\">\n\t\t\t\t<img decoding=\"async\" src=\"https:\/\/novador.ca\/wp-content\/themes\/novador\/images\/fleche-droite.svg\">\n\t\t\t<\/div>\n\t\t<\/div>\n\t<\/a>\n\n\t\t\t\t\t<\/div>\n\t\t\t\t\t\t\t\t\t<div class=\"layout-33\">\n\t\t\t\t\t\t\n\t<a href=\"https:\/\/novador.ca\/fr\/nouvelle\/un-soutien-precieux-pour-la-releve-miniere\/\">\n\t\t<div class=\"news-single\">\n\n\t\t\t<div class=\"news-image\">\n\t\t\t\t<img loading=\"lazy\" decoding=\"async\" width=\"878\" height=\"294\" src=\"https:\/\/novador.ca\/wp-content\/uploads\/congres-xplor2024-novador.webp\" class=\"attachment-medium size-medium\" alt=\"\" srcset=\"https:\/\/novador.ca\/wp-content\/uploads\/congres-xplor2024-novador.webp 878w, https:\/\/novador.ca\/wp-content\/uploads\/congres-xplor2024-novador-768x257.webp 768w\" sizes=\"auto, (max-width: 878px) 100vw, 878px\" \/>\t\t\t<\/div>\n\n\t\t\t<div class=\"news-date\">\n\t\t\t\t\t\t\t\t\t17 d\u00e9cembre 2024\t\t\t\t\t\t\t<\/div>\n\n\t\t\t<div class=\"news-categories\">\n\t\t\t\t<span class=\"categorie\" >Nouvelle<\/span><\/li>\t\t\t<\/div>\n\n\t\t\t<div class=\"news-title\">\n\t\t\t\t<h3>Un soutien pr\u00e9cieux pour la rel\u00e8ve mini\u00e8re<\/h3>\n\t\t\t<\/div>\n\t\t\t<div class=\"news-btn btn-fleche\">\n\t\t\t\t<img decoding=\"async\" src=\"https:\/\/novador.ca\/wp-content\/themes\/novador\/images\/fleche-droite.svg\">\n\t\t\t<\/div>\n\t\t<\/div>\n\t<\/a>\n\n\t\t\t\t\t<\/div>\n\t\t\t\t\t\t\t\t\t<div class=\"layout-33\">\n\t\t\t\t\t\t\n\t<a href=\"https:\/\/novador.ca\/fr\/nouvelle\/premiere-edition-de-la-soiree-benefice-maestria\/\">\n\t\t<div class=\"news-single\">\n\n\t\t\t<div class=\"news-image\">\n\t\t\t\t<img loading=\"lazy\" decoding=\"async\" width=\"1000\" height=\"668\" src=\"https:\/\/novador.ca\/wp-content\/uploads\/soiree-maestria-novador.webp\" class=\"attachment-medium size-medium\" alt=\"\" srcset=\"https:\/\/novador.ca\/wp-content\/uploads\/soiree-maestria-novador.webp 1000w, https:\/\/novador.ca\/wp-content\/uploads\/soiree-maestria-novador-768x513.webp 768w\" sizes=\"auto, (max-width: 1000px) 100vw, 1000px\" \/>\t\t\t<\/div>\n\n\t\t\t<div class=\"news-date\">\n\t\t\t\t\t\t\t\t\t11 d\u00e9cembre 2024\t\t\t\t\t\t\t<\/div>\n\n\t\t\t<div class=\"news-categories\">\n\t\t\t\t<span class=\"categorie\" >Nouvelle<\/span><\/li>\t\t\t<\/div>\n\n\t\t\t<div class=\"news-title\">\n\t\t\t\t<h3>Premi\u00e8re \u00e9dition de la Soir\u00e9e-b\u00e9n\u00e9fice Maestria<\/h3>\n\t\t\t<\/div>\n\t\t\t<div class=\"news-btn btn-fleche\">\n\t\t\t\t<img decoding=\"async\" src=\"https:\/\/novador.ca\/wp-content\/themes\/novador\/images\/fleche-droite.svg\">\n\t\t\t<\/div>\n\t\t<\/div>\n\t<\/a>\n\n\t\t\t\t\t<\/div>\n\t\t\t\t\t\t\t\t\t<div class=\"layout-33\">\n\t\t\t\t\t\t\n\t<a href=\"https:\/\/novador.ca\/fr\/nouvelle\/un-engagement-sincere-envers-la-culture-et-la-communaute\/\">\n\t\t<div class=\"news-single\">\n\n\t\t\t<div class=\"news-image\">\n\t\t\t\t<img loading=\"lazy\" decoding=\"async\" width=\"600\" height=\"741\" src=\"https:\/\/novador.ca\/wp-content\/uploads\/powwow-lac-simon-novador.webp\" class=\"attachment-medium size-medium\" alt=\"\" \/>\t\t\t<\/div>\n\n\t\t\t<div class=\"news-date\">\n\t\t\t\t\t\t\t\t\t11 d\u00e9cembre 2024\t\t\t\t\t\t\t<\/div>\n\n\t\t\t<div class=\"news-categories\">\n\t\t\t\t<span class=\"categorie\" >Nouvelle<\/span><\/li>\t\t\t<\/div>\n\n\t\t\t<div class=\"news-title\">\n\t\t\t\t<h3>Un engagement sinc\u00e8re envers la culture et la communaut\u00e9<\/h3>\n\t\t\t<\/div>\n\t\t\t<div class=\"news-btn btn-fleche\">\n\t\t\t\t<img decoding=\"async\" src=\"https:\/\/novador.ca\/wp-content\/themes\/novador\/images\/fleche-droite.svg\">\n\t\t\t<\/div>\n\t\t<\/div>\n\t<\/a>\n\n\t\t\t\t\t<\/div>\n\t\t\t\t\t\t\t\t\t<div class=\"layout-33\">\n\t\t\t\t\t\t\n\t<a href=\"https:\/\/novador.ca\/fr\/nouvelle\/dejeuner-des-pompiers-de-la-ville-de-val-dor-un-elan-de-solidarite-au-service-de-la-communaute\/\">\n\t\t<div class=\"news-single\">\n\n\t\t\t<div class=\"news-image\">\n\t\t\t\t<img loading=\"lazy\" decoding=\"async\" width=\"593\" height=\"481\" src=\"https:\/\/novador.ca\/wp-content\/uploads\/photo-nouvelle-site-web-novador-1-e1739217887198.jpg\" class=\"attachment-medium size-medium\" alt=\"\" \/>\t\t\t<\/div>\n\n\t\t\t<div class=\"news-date\">\n\t\t\t\t\t\t\t\t\t11 d\u00e9cembre 2024\t\t\t\t\t\t\t<\/div>\n\n\t\t\t<div class=\"news-categories\">\n\t\t\t\t<span class=\"categorie\" >Nouvelle<\/span><\/li>\t\t\t<\/div>\n\n\t\t\t<div class=\"news-title\">\n\t\t\t\t<h3>D\u00e9jeuner des pompiers de la ville de Val-d\u2019Or\u202f: Un \u00e9lan de solidarit\u00e9 au service de la communaut\u00e9<\/h3>\n\t\t\t<\/div>\n\t\t\t<div class=\"news-btn btn-fleche\">\n\t\t\t\t<img decoding=\"async\" src=\"https:\/\/novador.ca\/wp-content\/themes\/novador\/images\/fleche-droite.svg\">\n\t\t\t<\/div>\n\t\t<\/div>\n\t<\/a>\n\n\t\t\t\t\t<\/div>\n\t\t\t\t\t\t\t\t\t<div class=\"layout-33\">\n\t\t\t\t\t\t\n\t<a href=\"https:\/\/novador.ca\/fr\/nouvelle\/comite-dintegration-du-projet-dans-le-milieu\/\">\n\t\t<div class=\"news-single\">\n\n\t\t\t<div class=\"news-image\">\n\t\t\t\t\t\t\t<\/div>\n\n\t\t\t<div class=\"news-date\">\n\t\t\t\t\t\t\t\t\t6 d\u00e9cembre 2024\t\t\t\t\t\t\t<\/div>\n\n\t\t\t<div class=\"news-categories\">\n\t\t\t\t<span class=\"categorie\" >Nouvelle<\/span><\/li>\t\t\t<\/div>\n\n\t\t\t<div class=\"news-title\">\n\t\t\t\t<h3>Comit\u00e9 d&rsquo;int\u00e9gration du projet dans le milieu<\/h3>\n\t\t\t<\/div>\n\t\t\t<div class=\"news-btn btn-fleche\">\n\t\t\t\t<img decoding=\"async\" src=\"https:\/\/novador.ca\/wp-content\/themes\/novador\/images\/fleche-droite.svg\">\n\t\t\t<\/div>\n\t\t<\/div>\n\t<\/a>\n\n\t\t\t\t\t<\/div>\n\t\t\t\t\t\t\t\t\t<div class=\"layout-33\">\n\t\t\t\t\t\t\n\t<a href=\"https:\/\/novador.ca\/fr\/nouvelle\/une-visite-inspirante-du-site-du-projet-novador\/\">\n\t\t<div class=\"news-single\">\n\n\t\t\t<div class=\"news-image\">\n\t\t\t\t<img loading=\"lazy\" decoding=\"async\" width=\"1200\" height=\"800\" src=\"https:\/\/novador.ca\/wp-content\/uploads\/visite-inspirante-2-novador-1200x800.webp\" class=\"attachment-medium size-medium\" alt=\"\" srcset=\"https:\/\/novador.ca\/wp-content\/uploads\/visite-inspirante-2-novador-1200x800.webp 1200w, https:\/\/novador.ca\/wp-content\/uploads\/visite-inspirante-2-novador-1600x1066.webp 1600w, https:\/\/novador.ca\/wp-content\/uploads\/visite-inspirante-2-novador-768x512.webp 768w, https:\/\/novador.ca\/wp-content\/uploads\/visite-inspirante-2-novador-1536x1024.webp 1536w, https:\/\/novador.ca\/wp-content\/uploads\/visite-inspirante-2-novador.webp 2000w\" sizes=\"auto, (max-width: 1200px) 100vw, 1200px\" \/>\t\t\t<\/div>\n\n\t\t\t<div class=\"news-date\">\n\t\t\t\t\t\t\t\t\t6 d\u00e9cembre 2024\t\t\t\t\t\t\t<\/div>\n\n\t\t\t<div class=\"news-categories\">\n\t\t\t\t<span class=\"categorie\" >Nouvelle<\/span><\/li>\t\t\t<\/div>\n\n\t\t\t<div class=\"news-title\">\n\t\t\t\t<h3>Une visite inspirante du site du projet Novador<\/h3>\n\t\t\t<\/div>\n\t\t\t<div class=\"news-btn btn-fleche\">\n\t\t\t\t<img decoding=\"async\" src=\"https:\/\/novador.ca\/wp-content\/themes\/novador\/images\/fleche-droite.svg\">\n\t\t\t<\/div>\n\t\t<\/div>\n\t<\/a>\n\n\t\t\t\t\t<\/div>\n\t\t\t\t\t\t\t\t\t<div class=\"layout-33\">\n\t\t\t\t\t\t\n\t<a href=\"https:\/\/novador.ca\/fr\/nouvelle\/une-belle-initiative-pour-le-caribou-de-val-dor\/\">\n\t\t<div class=\"news-single\">\n\n\t\t\t<div class=\"news-image\">\n\t\t\t\t<img loading=\"lazy\" decoding=\"async\" width=\"600\" height=\"800\" src=\"https:\/\/novador.ca\/wp-content\/uploads\/caribou-novador.webp\" class=\"attachment-medium size-medium\" alt=\"\" \/>\t\t\t<\/div>\n\n\t\t\t<div class=\"news-date\">\n\t\t\t\t\t\t\t\t\t6 d\u00e9cembre 2024\t\t\t\t\t\t\t<\/div>\n\n\t\t\t<div class=\"news-categories\">\n\t\t\t\t<span class=\"categorie\" >Nouvelle<\/span><\/li>\t\t\t<\/div>\n\n\t\t\t<div class=\"news-title\">\n\t\t\t\t<h3>Une belle initiative pour le caribou de Val-d\u2019Or<\/h3>\n\t\t\t<\/div>\n\t\t\t<div class=\"news-btn btn-fleche\">\n\t\t\t\t<img decoding=\"async\" src=\"https:\/\/novador.ca\/wp-content\/themes\/novador\/images\/fleche-droite.svg\">\n\t\t\t<\/div>\n\t\t<\/div>\n\t<\/a>\n\n\t\t\t\t\t<\/div>\n\t\t\t\t\t\t\t\t\t<div class=\"layout-33\">\n\t\t\t\t\t\t\t\n\t<a href=\"https:\/\/probegold.com\/fr\/news\/probe-gold-depose-le-rapport-technique-de-leep-mise-a-jour-pour-le-projet-novador-quebec\/\" target=\"_blank\">\n\t\t<div class=\"news-single\">\n\t\t\t<div class=\"news-date\">\n\n\t\t\t\t\t\t\t\t\t26 mars 2024\t\t\t\t\n\t\t\t<\/div>\n\t\t\t<div class=\"news-source\">\n\t\t\t\tSource : Probe Gold\t\t\t\t<span class=\"icone-lien-externe\"><?xml version=\"1.0\" encoding=\"UTF-8\"?>\n<svg xmlns=\"http:\/\/www.w3.org\/2000\/svg\" version=\"1.1\" viewBox=\"0 0 512 512\">\n  <defs>\n    <style>\n      .cls-1 {\n        fill: #fff;\n      }\n    <\/style>\n  <\/defs>\n  <!-- Generator: Adobe Illustrator 28.7.1, SVG Export Plug-In . SVG Version: 1.2.0 Build 142)  -->\n  <g>\n    <g id=\"Calque_1\">\n      <path class=\"cls-1\" d=\"M256,480c123.7,0,224-100.3,224-224S379.7,32,256,32,32,132.3,32,256s100.3,224,224,224ZM256,0c141.4,0,256,114.6,256,256s-114.6,256-256,256S0,397.4,0,256,114.6,0,256,0ZM200,160h136c8.8,0,16,7.2,16,16v144c0,8.8-7.2,16-16,16s-16-7.2-16-16v-105.4l-132.7,132.7c-6.2,6.2-16.4,6.2-22.6,0s-6.2-16.4,0-22.6l132.7-132.7h-97.4c-8.8,0-16-7.2-16-16s7.2-16,16-16Z\"\/>\n    <\/g>\n  <\/g>\n<\/svg><\/span>\n\t\t\t<\/div>\n\t\t\t<div class=\"news-categories\">\n\t\t\t\t<span class=\"categorie\" >Nouvelle<\/span><\/li>\t\t\t<\/div>\n\t\t\t<div class=\"news-title\">\n\t\t\t\t<h3>Probe Gold d\u00e9pose le rapport technique de l\u2019EEP mise \u00e0 jour pour le projet Novador, Qu\u00e9bec<\/h3>\n\t\t\t<\/div>\n\t\t\t<div class=\"news-btn btn-fleche\">\n\t\t\t\t<img decoding=\"async\" src=\"https:\/\/novador.ca\/wp-content\/themes\/novador\/images\/fleche-droite.svg\">\n\t\t\t<\/div>\n\t\t<\/div>\n\t<\/a>\n\n\t\t\t\t\t<\/div>\n\t\t\t\t\t\t\t<\/div>\n\t\t\t<\/div>\n<\/div>\n<div class=\"centre\">\n\t<div class=\"facetwp-facet facetwp-facet-load_more facetwp-type-pager\" data-name=\"load_more\" data-type=\"pager\"><\/div><\/div>\n<\/div>\n","protected":false},"excerpt":{"rendered":"<p>Pr\u00e9sence dans le milieu Vous trouverez les derni\u00e8res actualit\u00e9s en lien avec le projet Novador, ainsi que Fresnillo. Activit\u00e9s et engagements dans le milieu, rapports, communiqu\u00e9s de presse et plus encore.<\/p>\n","protected":false},"author":7,"featured_media":0,"parent":0,"menu_order":4,"comment_status":"closed","ping_status":"closed","template":"","meta":{"_acf_changed":false,"footnotes":""},"class_list":["post-2069","page","type-page","status-publish","hentry"],"acf":[],"_links":{"self":[{"href":"https:\/\/novador.ca\/fr\/wp-json\/wp\/v2\/pages\/2069","targetHints":{"allow":["GET"]}}],"collection":[{"href":"https:\/\/novador.ca\/fr\/wp-json\/wp\/v2\/pages"}],"about":[{"href":"https:\/\/novador.ca\/fr\/wp-json\/wp\/v2\/types\/page"}],"author":[{"embeddable":true,"href":"https:\/\/novador.ca\/fr\/wp-json\/wp\/v2\/users\/7"}],"replies":[{"embeddable":true,"href":"https:\/\/novador.ca\/fr\/wp-json\/wp\/v2\/comments?post=2069"}],"version-history":[{"count":6,"href":"https:\/\/novador.ca\/fr\/wp-json\/wp\/v2\/pages\/2069\/revisions"}],"predecessor-version":[{"id":2799,"href":"https:\/\/novador.ca\/fr\/wp-json\/wp\/v2\/pages\/2069\/revisions\/2799"}],"wp:attachment":[{"href":"https:\/\/novador.ca\/fr\/wp-json\/wp\/v2\/media?parent=2069"}],"curies":[{"name":"wp","href":"https:\/\/api.w.org\/{rel}","templated":true}]}}